{"id":3,"date":"2023-06-13T07:25:56","date_gmt":"2023-06-13T07:25:56","guid":{"rendered":"https:\/\/hyttfors.com\/sv\/?page_id=3"},"modified":"2023-09-11T12:46:13","modified_gmt":"2023-09-11T12:46:13","slug":"privacy-policy","status":"publish","type":"page","link":"https:\/\/hyttfors.com\/sv\/privacy-policy\/","title":{"rendered":"Privacy Policy"},"content":{"rendered":"\t\t<div data-elementor-type=\"wp-page\" data-elementor-id=\"3\" class=\"elementor elementor-3\" data-elementor-post-type=\"page\">\n\t\t\t\t\t\t<section class=\"elementor-section elementor-top-section elementor-element elementor-element-59efbe34 elementor-section-boxed elementor-section-height-default elementor-section-height-default\" data-id=\"59efbe34\" data-element_type=\"section\" data-e-type=\"section\">\n\t\t\t\t\t\t<div class=\"elementor-container elementor-column-gap-default\">\n\t\t\t\t\t<div class=\"elementor-column elementor-col-100 elementor-top-column elementor-element elementor-element-2b29e574\" data-id=\"2b29e574\" data-element_type=\"column\" data-e-type=\"column\">\n\t\t\t<div class=\"elementor-widget-wrap elementor-element-populated\">\n\t\t\t\t\t\t<div class=\"elementor-element elementor-element-333e4786 elementor-widget elementor-widget-text-editor\" data-id=\"333e4786\" data-element_type=\"widget\" data-e-type=\"widget\" data-widget_type=\"text-editor.default\">\n\t\t\t\t<div class=\"elementor-widget-container\">\n\t\t\t\t\t\t\t\t\t\n<h2 class=\"wp-block-heading\">Introduktion<\/h2>\n<p>V\u00e4lkommen till hyttfors.com. Vi respekterar din integritet och \u00e4r engagerade i att skydda dina personuppgifter. Denna integritetspolicy informerar dig om hur vi hanterar dina personuppgifter, dina integritetsr\u00e4ttigheter, och hur lagen skyddar dig.<\/p>\n<p>Viktig information och vem vi \u00e4r<\/p>\n<p>Behandlingsansvarig: <br \/>Stefan Hyttfors AB \u00e4r behandlingsansvarig och ansvarar f\u00f6r dina personuppgifter. <br \/>Kontaktuppgifter: <br \/>Stefan Hyttfors AB <br \/>Org.nr: 556864-6045 <br \/>134 61 Ingar\u00f6, Stockholm <br \/><a href=\"mailto:request@hyttfors.com\" target=\"_new\">request@hyttfors.com<\/a> <br \/>+46 733 676 681 <br \/>hyttfors.com <br \/>Dataskyddsansvarig: Stefan Hyttfors, <a href=\"mailto:stefan@hyttfors.com\" target=\"_new\">stefan@hyttfors.com<\/a>, +46 733 676 681<\/p>\n<h2>De uppgifter vi samlar in om dig<\/h2>\n<p>Vi kan samla in, anv\u00e4nda, lagra och \u00f6verf\u00f6ra olika typer av personuppgifter om dig, inklusive:<\/p>\n<p>Identitetsdata: Namn, anv\u00e4ndarnamn eller liknande identifierare. Kontaktdata: E-postadress och telefonnummer. Teknisk data: IP-adress, webbl\u00e4sartyp, plats och annan teknologi p\u00e5 de enheter du anv\u00e4nder f\u00f6r att komma \u00e5t v\u00e5r webbplats. Anv\u00e4ndardata: Information om hur du anv\u00e4nder v\u00e5r webbplats.<\/p>\n<h2>Hur vi anv\u00e4nder dina personuppgifter<\/h2>\n<p>Vi kommer endast att anv\u00e4nda dina personuppgifter n\u00e4r lagen till\u00e5ter oss att. Vanligtvis kommer vi att anv\u00e4nda dina personuppgifter f\u00f6r att:<\/p>\n<p>Erbjuda och f\u00f6rb\u00e4ttra v\u00e5ra tj\u00e4nster. Skicka marknadsf\u00f6ringsmeddelanden till dig. F\u00f6lja lagliga eller regulatoriska krav.<\/p>\n<h2>Datas\u00e4kerhet<\/h2>\n<p>Vi har vidtagit l\u00e4mpliga s\u00e4kerhets\u00e5tg\u00e4rder f\u00f6r att f\u00f6rhindra att dina personuppgifter f\u00f6rloras av misstag, anv\u00e4nds eller kommas \u00e5t p\u00e5 ett obeh\u00f6rigt s\u00e4tt.<\/p>\n<h2>Dataretention<\/h2>\n<p>Vi kommer endast att beh\u00e5lla dina personuppgifter s\u00e5 l\u00e4nge som det \u00e4r n\u00f6dv\u00e4ndigt f\u00f6r att uppfylla de syften vi samlade in det f\u00f6r.<\/p>\n<h2>Dina lagliga r\u00e4ttigheter<\/h2>\n<p>Under vissa omst\u00e4ndigheter har du r\u00e4ttigheter enligt dataskyddslagar i f\u00f6rh\u00e5llande till dina personuppgifter, inklusive r\u00e4tten att:<\/p>\n<p>Beg\u00e4ra tillg\u00e5ng till dina personuppgifter. Beg\u00e4ra r\u00e4ttelse av dina personuppgifter. Beg\u00e4ra radering av dina personuppgifter. Inv\u00e4nda mot behandlingen av dina personuppgifter. Beg\u00e4ra begr\u00e4nsning av behandlingen av dina personuppgifter. Beg\u00e4ra \u00f6verf\u00f6ring av dina personuppgifter. R\u00e4tt att \u00e5terkalla samtycke.<\/p>\n<h2>Tredjepartsl\u00e4nkar<\/h2>\n<p>V\u00e5r webbplats kan inneh\u00e5lla l\u00e4nkar till webbplatser som tillh\u00f6r tredje part. Genom att klicka p\u00e5 dessa l\u00e4nkar kan tredje parter samla in eller dela data om dig. Vi kontrollerar inte dessa tredjepartswebbplatser och \u00e4r inte ansvariga f\u00f6r deras integritetspolicyer.<\/p>\n<h2>Kakor (Cookies)<\/h2>\n<p>Du kan st\u00e4lla in din webbl\u00e4sare f\u00f6r att v\u00e4gra alla eller vissa webbkakor eller f\u00f6r att varna dig n\u00e4r webbplatser s\u00e4tter eller f\u00e5r tillg\u00e5ng till kakor. Om du inaktiverar eller v\u00e4grar kakor, notera att vissa delar av v\u00e5r webbplats kan bli otillg\u00e4ngliga eller inte fungera korrekt.<\/p>\n<h2>\u00c4ndringar av integritetspolicyn<\/h2>\n<p>Vi kan uppdatera denna integritetspolicy fr\u00e5n tid till annan. Vi kommer att meddela dig om eventuella \u00e4ndringar genom att publicera den nya integritetspolicyn p\u00e5 denna sida.<\/p>\n\t\t\t\t\t\t\t\t<\/div>\n\t\t\t\t<\/div>\n\t\t\t\t\t<\/div>\n\t\t<\/div>\n\t\t\t\t\t<\/div>\n\t\t<\/section>\n\t\t\t\t<section class=\"elementor-section elementor-top-section elementor-element elementor-element-00055ef elementor-section-boxed elementor-section-height-default elementor-section-height-default\" data-id=\"00055ef\" data-element_type=\"section\" data-e-type=\"section\">\n\t\t\t\t\t\t<div class=\"elementor-container elementor-column-gap-default\">\n\t\t\t\t\t<div class=\"elementor-column elementor-col-100 elementor-top-column elementor-element elementor-element-e0fecef\" data-id=\"e0fecef\" data-element_type=\"column\" data-e-type=\"column\">\n\t\t\t<div class=\"elementor-widget-wrap elementor-element-populated\">\n\t\t\t\t\t\t<div class=\"elementor-element elementor-element-3feb2b9 elementor-widget elementor-widget-spacer\" data-id=\"3feb2b9\" data-element_type=\"widget\" data-e-type=\"widget\" data-widget_type=\"spacer.default\">\n\t\t\t\t<div class=\"elementor-widget-container\">\n\t\t\t\t\t\t\t<div class=\"elementor-spacer\">\n\t\t\t<div class=\"elementor-spacer-inner\"><\/div>\n\t\t<\/div>\n\t\t\t\t\t\t<\/div>\n\t\t\t\t<\/div>\n\t\t\t\t\t<\/div>\n\t\t<\/div>\n\t\t\t\t\t<\/div>\n\t\t<\/section>\n\t\t\t\t<\/div>\n\t\t","protected":false},"excerpt":{"rendered":"<p>Introduktion V\u00e4lkommen till hyttfors.com. Vi respekterar din integritet och \u00e4r engagerade i att skydda dina personuppgifter. Denna integritetspolicy informerar dig om hur vi hanterar dina personuppgifter, dina integritetsr\u00e4ttigheter, och hur lagen skyddar dig. Viktig information och vem vi \u00e4r Behandlingsansvarig: Stefan Hyttfors AB \u00e4r behandlingsansvarig och ansvarar f\u00f6r dina personuppgifter. Kontaktuppgifter: Stefan Hyttfors AB Org.nr: [&hellip;]<\/p>\n","protected":false},"author":1,"featured_media":0,"parent":0,"menu_order":0,"comment_status":"closed","ping_status":"open","template":"","meta":{"_acf_changed":false,"inline_featured_image":false,"footnotes":""},"class_list":["post-3","page","type-page","status-publish","hentry"],"acf":[],"_links":{"self":[{"href":"https:\/\/hyttfors.com\/sv\/wp-json\/wp\/v2\/pages\/3","targetHints":{"allow":["GET"]}}],"collection":[{"href":"https:\/\/hyttfors.com\/sv\/wp-json\/wp\/v2\/pages"}],"about":[{"href":"https:\/\/hyttfors.com\/sv\/wp-json\/wp\/v2\/types\/page"}],"author":[{"embeddable":true,"href":"https:\/\/hyttfors.com\/sv\/wp-json\/wp\/v2\/users\/1"}],"replies":[{"embeddable":true,"href":"https:\/\/hyttfors.com\/sv\/wp-json\/wp\/v2\/comments?post=3"}],"version-history":[{"count":15,"href":"https:\/\/hyttfors.com\/sv\/wp-json\/wp\/v2\/pages\/3\/revisions"}],"predecessor-version":[{"id":4602,"href":"https:\/\/hyttfors.com\/sv\/wp-json\/wp\/v2\/pages\/3\/revisions\/4602"}],"wp:attachment":[{"href":"https:\/\/hyttfors.com\/sv\/wp-json\/wp\/v2\/media?parent=3"}],"curies":[{"name":"wp","href":"https:\/\/api.w.org\/{rel}","templated":true}]}}