{"id":3,"date":"2023-06-13T07:25:56","date_gmt":"2023-06-13T07:25:56","guid":{"rendered":"https:\/\/no.hyttfors.com\/?page_id=3"},"modified":"2024-01-29T14:16:07","modified_gmt":"2024-01-29T14:16:07","slug":"privacy-policy","status":"publish","type":"page","link":"https:\/\/hyttfors.com\/no\/privacy-policy\/","title":{"rendered":"Privacy Policy"},"content":{"rendered":"\t\t<div data-elementor-type=\"wp-page\" data-elementor-id=\"3\" class=\"elementor elementor-3\" data-elementor-post-type=\"page\">\n\t\t\t\t\t\t<section class=\"elementor-section elementor-top-section elementor-element elementor-element-59efbe34 elementor-section-boxed elementor-section-height-default elementor-section-height-default\" data-id=\"59efbe34\" data-element_type=\"section\" data-e-type=\"section\">\n\t\t\t\t\t\t<div class=\"elementor-container elementor-column-gap-default\">\n\t\t\t\t\t<div class=\"elementor-column elementor-col-100 elementor-top-column elementor-element elementor-element-2b29e574\" data-id=\"2b29e574\" data-element_type=\"column\" data-e-type=\"column\">\n\t\t\t<div class=\"elementor-widget-wrap elementor-element-populated\">\n\t\t\t\t\t\t<div class=\"elementor-element elementor-element-333e4786 elementor-widget elementor-widget-text-editor\" data-id=\"333e4786\" data-element_type=\"widget\" data-e-type=\"widget\" data-widget_type=\"text-editor.default\">\n\t\t\t\t<div class=\"elementor-widget-container\">\n\t\t\t\t\t\t\t\t\t\n<h2 class=\"wp-block-heading\">Introduksjon<\/h2>\n<p>Velkommen til hyttfors.com. Vi respekterer ditt personvern og er forpliktet til \u00e5 beskytte dine personopplysninger. Denne personvernpolicyen informerer deg om hvordan vi h\u00e5ndterer dine personopplysninger, dine personvernrettigheter og hvordan loven beskytter deg.<\/p>\n<p>Viktig informasjon og hvem vi er<\/p>\n<p>Behandlingsansvarlig: <br \/>Stefan Hyttfors AB er behandlingsansvarlig og er ansvarlig for dine personopplysninger.<br \/>Kontaktinformasjon:<br \/>Stefan Hyttfors AB <br \/>Org.nr: 556864-6045 <br \/>134 61 Ingar\u00f6, Stockholm <br \/><a href=\"mailto:request@hyttfors.com\" target=\"_new\">request@hyttfors.com<\/a> <br \/>+46 733 676 681 <br \/>hyttfors.com <br \/>Personvernansvarlig: Stefan Hyttfors, <a href=\"mailto:stefan@hyttfors.com\" target=\"_new\">stefan@hyttfors.com<\/a>, +46 733 676 681<\/p>\n<h2>De opplysningene vi samler inn om deg<\/h2>\n<p>Vi kan samle inn, bruke, lagre og overf\u00f8re ulike typer personopplysninger om deg, inkludert:<\/p>\n<p>Identitetsdata: Navn, brukernavn eller lignende identifikatorer. Kontaktdata: E-postadresse og telefonnummer. Teknisk data: IP-adresse, nettlesertype, sted og annen teknologi p\u00e5 enhetene du bruker for \u00e5 f\u00e5 tilgang til nettstedet v\u00e5rt. Brukerdata: Informasjon om hvordan du bruker nettstedet v\u00e5rt.<\/p>\n<h2>Hvordan vi bruker dine personopplysninger<\/h2>\n<p>Vi vil bare bruke dine personopplysninger n\u00e5r loven tillater det. Vanligvis vil vi bruke dine personopplysninger for:<\/p>\n<p>Tilby og forbedre v\u00e5re tjenester. Sende markedsf\u00f8ringsmeldinger til deg. Oppfylle lovp\u00e5lagte eller regulatoriske krav.<\/p>\n<h2>Datasikkerhet<\/h2>\n<p>Vi har implementert passende sikkerhetstiltak for \u00e5 forhindre at dine personopplysninger g\u00e5r tapt ved et uhell, blir brukt eller tilgjengelige p\u00e5 en uautorisert m\u00e5te.<\/p>\n<h2>Datapersonvern<\/h2>\n<p>Vi vil bare beholde dine personopplysninger s\u00e5 lenge det er n\u00f8dvendig for \u00e5 oppfylle de form\u00e5lene vi samlet det inn for.<\/p>\n<h2>Dine juridiske rettigheter<\/h2>\n<p>Under visse omstendigheter har du rettigheter i henhold til personvernlovgivningen ang\u00e5ende dine personopplysninger, inkludert retten til:<\/p>\n<p>Be om tilgang til dine personopplysninger. Be om retting av dine personopplysninger. Be om sletting av dine personopplysninger. Protestere mot behandlingen av dine personopplysninger. Be om begrensning av behandlingen av dine personopplysninger. Be om overf\u00f8ring av dine personopplysninger. Rett til \u00e5 trekke tilbake samtykke.<\/p>\n<h2>Tredjepartsl\u00e4nkar<\/h2>\n<p>Nettstedet v\u00e5rt kan inneholde lenker til nettsteder som tilh\u00f8rer tredjepart. Ved \u00e5 klikke p\u00e5 disse lenkene kan tredjeparter samle inn eller dele data om deg. Vi kontrollerer ikke disse tredjepartsnettstedene og er ikke ansvarlige for deres personvernpolicyer.<\/p>\n<h2>Informasjonskapsler (Cookies)<\/h2>\n<p>Du kan konfigurere nettleseren din til \u00e5 avvise alle informasjonskapsler eller noen av dem, eller til \u00e5 gi deg advarsler n\u00e5r nettsteder setter eller f\u00e5r tilgang til informasjonskapsler. V\u00e6r oppmerksom p\u00e5 at hvis du deaktiverer eller avviser informasjonskapsler, kan noen deler av nettstedet v\u00e5rt bli utilgjengelige eller ikke fungere riktig.<\/p>\n<h2>Endringer i personvernpolicyen<\/h2>\n<p>Vi kan oppdatere denne personvernpolicyen fra tid til annen. Vi vil informere deg om eventuelle endringer ved \u00e5 publisere den nye personvernpolicyen p\u00e5 denne siden.<\/p>\n\t\t\t\t\t\t\t\t<\/div>\n\t\t\t\t<\/div>\n\t\t\t\t\t<\/div>\n\t\t<\/div>\n\t\t\t\t\t<\/div>\n\t\t<\/section>\n\t\t\t\t<section class=\"elementor-section elementor-top-section elementor-element elementor-element-00055ef elementor-section-boxed elementor-section-height-default elementor-section-height-default\" data-id=\"00055ef\" data-element_type=\"section\" data-e-type=\"section\">\n\t\t\t\t\t\t<div class=\"elementor-container elementor-column-gap-default\">\n\t\t\t\t\t<div class=\"elementor-column elementor-col-100 elementor-top-column elementor-element elementor-element-e0fecef\" data-id=\"e0fecef\" data-element_type=\"column\" data-e-type=\"column\">\n\t\t\t<div class=\"elementor-widget-wrap elementor-element-populated\">\n\t\t\t\t\t\t<div class=\"elementor-element elementor-element-3feb2b9 elementor-widget elementor-widget-spacer\" data-id=\"3feb2b9\" data-element_type=\"widget\" data-e-type=\"widget\" data-widget_type=\"spacer.default\">\n\t\t\t\t<div class=\"elementor-widget-container\">\n\t\t\t\t\t\t\t<div class=\"elementor-spacer\">\n\t\t\t<div class=\"elementor-spacer-inner\"><\/div>\n\t\t<\/div>\n\t\t\t\t\t\t<\/div>\n\t\t\t\t<\/div>\n\t\t\t\t\t<\/div>\n\t\t<\/div>\n\t\t\t\t\t<\/div>\n\t\t<\/section>\n\t\t\t\t<\/div>\n\t\t","protected":false},"excerpt":{"rendered":"<p>Introduksjon Velkommen til hyttfors.com. Vi respekterer ditt personvern og er forpliktet til \u00e5 beskytte dine personopplysninger. Denne personvernpolicyen informerer deg om hvordan vi h\u00e5ndterer dine personopplysninger, dine personvernrettigheter og hvordan loven beskytter deg. Viktig informasjon og hvem vi er Behandlingsansvarlig: Stefan Hyttfors AB er behandlingsansvarlig og er ansvarlig for dine personopplysninger.Kontaktinformasjon:Stefan Hyttfors AB Org.nr: 556864-6045 [&hellip;]<\/p>\n","protected":false},"author":1,"featured_media":0,"parent":0,"menu_order":0,"comment_status":"closed","ping_status":"open","template":"","meta":{"_acf_changed":false,"inline_featured_image":false,"footnotes":""},"class_list":["post-3","page","type-page","status-publish","hentry"],"acf":[],"_links":{"self":[{"href":"https:\/\/hyttfors.com\/no\/wp-json\/wp\/v2\/pages\/3","targetHints":{"allow":["GET"]}}],"collection":[{"href":"https:\/\/hyttfors.com\/no\/wp-json\/wp\/v2\/pages"}],"about":[{"href":"https:\/\/hyttfors.com\/no\/wp-json\/wp\/v2\/types\/page"}],"author":[{"embeddable":true,"href":"https:\/\/hyttfors.com\/no\/wp-json\/wp\/v2\/users\/1"}],"replies":[{"embeddable":true,"href":"https:\/\/hyttfors.com\/no\/wp-json\/wp\/v2\/comments?post=3"}],"version-history":[{"count":18,"href":"https:\/\/hyttfors.com\/no\/wp-json\/wp\/v2\/pages\/3\/revisions"}],"predecessor-version":[{"id":5189,"href":"https:\/\/hyttfors.com\/no\/wp-json\/wp\/v2\/pages\/3\/revisions\/5189"}],"wp:attachment":[{"href":"https:\/\/hyttfors.com\/no\/wp-json\/wp\/v2\/media?parent=3"}],"curies":[{"name":"wp","href":"https:\/\/api.w.org\/{rel}","templated":true}]}}